{"id":1068,"date":"2024-04-19T16:46:41","date_gmt":"2024-04-19T19:46:41","guid":{"rendered":"https:\/\/netwayro.com.br\/home2\/?page_id=1068"},"modified":"2026-02-04T12:10:13","modified_gmt":"2026-02-04T15:10:13","slug":"assine-ja","status":"publish","type":"page","link":"https:\/\/netwayro.com.br\/home2\/assine-ja\/","title":{"rendered":"Assine J\u00e1"},"content":{"rendered":"\t\t<div data-elementor-type=\"wp-page\" data-elementor-id=\"1068\" class=\"elementor elementor-1068\" data-elementor-post-type=\"page\">\n\t\t\t\t<div class=\"elementor-element elementor-element-127b084 e-flex e-con-boxed e-con e-parent\" data-id=\"127b084\" data-element_type=\"container\" data-e-type=\"container\" data-settings=\"{&quot;background_background&quot;:&quot;classic&quot;}\">\n\t\t\t\t\t<div class=\"e-con-inner\">\n\t\t<div class=\"elementor-element elementor-element-1cb12a2 e-flex e-con-boxed e-con e-child\" data-id=\"1cb12a2\" data-element_type=\"container\" data-e-type=\"container\">\n\t\t\t\t\t<div class=\"e-con-inner\">\n\t\t<div class=\"elementor-element elementor-element-cdb0e18 e-con-full e-flex elementor-invisible e-con e-child\" data-id=\"cdb0e18\" data-element_type=\"container\" data-e-type=\"container\" data-settings=\"{&quot;animation&quot;:&quot;fadeInLeft&quot;}\">\n\t\t\t\t<div class=\"elementor-element elementor-element-dc928c1 elementor-widget elementor-widget-image\" data-id=\"dc928c1\" data-element_type=\"widget\" data-e-type=\"widget\" data-widget_type=\"image.default\">\n\t\t\t\t<div class=\"elementor-widget-container\">\n\t\t\t\t\t\t\t\t\t\t\t\t\t\t\t<img fetchpriority=\"high\" decoding=\"async\" width=\"800\" height=\"157\" src=\"https:\/\/netwayro.com.br\/home2\/wp-content\/uploads\/2024\/04\/LOGONETWAY_0001_NETWAY-BRANCO.png\" class=\"attachment-large size-large wp-image-15\" alt=\"\" srcset=\"https:\/\/netwayro.com.br\/home2\/wp-content\/uploads\/2024\/04\/LOGONETWAY_0001_NETWAY-BRANCO.png 1017w, https:\/\/netwayro.com.br\/home2\/wp-content\/uploads\/2024\/04\/LOGONETWAY_0001_NETWAY-BRANCO-300x59.png 300w, https:\/\/netwayro.com.br\/home2\/wp-content\/uploads\/2024\/04\/LOGONETWAY_0001_NETWAY-BRANCO-768x151.png 768w\" sizes=\"(max-width: 800px) 100vw, 800px\" \/>\t\t\t\t\t\t\t\t\t\t\t\t\t\t\t<\/div>\n\t\t\t\t<\/div>\n\t\t\t\t<div class=\"elementor-element elementor-element-f49a91c elementor-widget elementor-widget-spacer\" data-id=\"f49a91c\" data-element_type=\"widget\" data-e-type=\"widget\" data-widget_type=\"spacer.default\">\n\t\t\t\t<div class=\"elementor-widget-container\">\n\t\t\t\t\t\t\t<div class=\"elementor-spacer\">\n\t\t\t<div class=\"elementor-spacer-inner\"><\/div>\n\t\t<\/div>\n\t\t\t\t\t\t<\/div>\n\t\t\t\t<\/div>\n\t\t\t\t<div class=\"elementor-element elementor-element-52d9ed6 elementor-widget elementor-widget-heading\" data-id=\"52d9ed6\" data-element_type=\"widget\" data-e-type=\"widget\" data-widget_type=\"heading.default\">\n\t\t\t\t<div class=\"elementor-widget-container\">\n\t\t\t\t\t<h2 class=\"elementor-heading-title elementor-size-default\">Oferecemos mais\nque uma internet.<b>\nConectamos voc\u00ea a\numa experi\u00eancia \u00fanica.<\/b><\/h2>\t\t\t\t<\/div>\n\t\t\t\t<\/div>\n\t\t\t\t<\/div>\n\t\t<div class=\"elementor-element elementor-element-9fc2c6c e-flex e-con-boxed elementor-invisible e-con e-child\" data-id=\"9fc2c6c\" data-element_type=\"container\" data-e-type=\"container\" data-settings=\"{&quot;animation&quot;:&quot;fadeInRight&quot;}\">\n\t\t\t\t\t<div class=\"e-con-inner\">\n\t\t\t\t<div class=\"elementor-element elementor-element-3b7c7df elementor-widget elementor-widget-heading\" data-id=\"3b7c7df\" data-element_type=\"widget\" data-e-type=\"widget\" data-widget_type=\"heading.default\">\n\t\t\t\t<div class=\"elementor-widget-container\">\n\t\t\t\t\t<h2 class=\"elementor-heading-title elementor-size-default\">ASSINE J\u00c1<\/h2>\t\t\t\t<\/div>\n\t\t\t\t<\/div>\n\t\t\t\t<div class=\"elementor-element elementor-element-d66a014 elementor-button-align-stretch elementor-widget elementor-widget-form\" data-id=\"d66a014\" data-element_type=\"widget\" data-e-type=\"widget\" data-settings=\"{&quot;step_next_label&quot;:&quot;CONTINUAR&quot;,&quot;step_previous_label&quot;:&quot;VOLTAR&quot;,&quot;button_width&quot;:&quot;100&quot;,&quot;step_type&quot;:&quot;number_text&quot;,&quot;step_icon_shape&quot;:&quot;circle&quot;}\" data-widget_type=\"form.default\">\n\t\t\t\t<div class=\"elementor-widget-container\">\n\t\t\t\t\t\t\t<form class=\"elementor-form\" method=\"post\" name=\"SELECIONAR CIDADE\" aria-label=\"SELECIONAR CIDADE\" novalidate=\"\">\n\t\t\t<input type=\"hidden\" name=\"post_id\" value=\"1068\"\/>\n\t\t\t<input type=\"hidden\" name=\"form_id\" value=\"d66a014\"\/>\n\t\t\t<input type=\"hidden\" name=\"referer_title\" value=\"Assine J\u00e1 - Netway\" \/>\n\n\t\t\t\t\t\t\t<input type=\"hidden\" name=\"queried_id\" value=\"1068\"\/>\n\t\t\t\n\t\t\t<div class=\"elementor-form-fields-wrapper elementor-labels-above\">\n\t\t\t\t\t\t\t\t<div class=\"elementor-field-type-step elementor-field-group elementor-column elementor-field-group-field_16e1bb6 elementor-col-100\">\n\t\t\t\t\t\t\t<div class=\"e-field-step elementor-hidden\" data-label=\"\" data-previousButton=\"\" data-nextButton=\"\" data-iconUrl=\"\" data-iconLibrary=\"fas fa-star\" data-icon=\"&lt;svg class=&quot;e-font-icon-svg e-fas-star&quot; viewBox=&quot;0 0 576 512&quot; xmlns=&quot;http:\/\/www.w3.org\/2000\/svg&quot;&gt;&lt;path d=&quot;M259.3 17.8L194 150.2 47.9 171.5c-26.2 3.8-36.7 36.1-17.7 54.6l105.7 103-25 145.5c-4.5 26.3 23.2 46 46.4 33.7L288 439.6l130.7 68.7c23.2 12.2 50.9-7.4 46.4-33.7l-25-145.5 105.7-103c19-18.5 8.5-50.8-17.7-54.6L382 150.2 316.7 17.8c-11.7-23.6-45.6-23.9-57.4 0z&quot;&gt;&lt;\/path&gt;&lt;\/svg&gt;\" ><\/div>\n\n\t\t\t\t\t\t<\/div>\n\t\t\t\t\t\t\t\t<div class=\"elementor-field-type-select elementor-field-group elementor-column elementor-field-group-select elementor-col-100 elementor-field-required elementor-mark-required\">\n\t\t\t\t\t\t\t\t\t\t\t\t<label for=\"form-field-select\" class=\"elementor-field-label\">\n\t\t\t\t\t\t\t\tSELECIONE SUA CIDADE\t\t\t\t\t\t\t<\/label>\n\t\t\t\t\t\t\t\t<div class=\"elementor-field elementor-select-wrapper remove-before \">\n\t\t\t<div class=\"select-caret-down-wrapper\">\n\t\t\t\t<svg aria-hidden=\"true\" class=\"e-font-icon-svg e-eicon-caret-down\" viewBox=\"0 0 571.4 571.4\" xmlns=\"http:\/\/www.w3.org\/2000\/svg\"><path d=\"M571 393Q571 407 561 418L311 668Q300 679 286 679T261 668L11 418Q0 407 0 393T11 368 36 357H536Q550 357 561 368T571 393Z\"><\/path><\/svg>\t\t\t<\/div>\n\t\t\t<select name=\"form_fields[select]\" id=\"form-field-select\" class=\"elementor-field-textual elementor-size-md\" required=\"required\">\n\t\t\t\t\t\t\t\t\t<option value=\"Selecione\">Selecione<\/option>\n\t\t\t\t\t\t\t\t\t<option name=\"form_fields[select]\" id=\"form-field-select\" class=\"elementor-field-textual elementor-size-md\" required=\"required\" value=\"Pimenta Bueno\">Pimenta Bueno<\/option>\n\t\t\t\t\t\t\t\t\t<option value=\"Cacoal\">Cacoal<\/option>\n\t\t\t\t\t\t\t\t\t<option value=\"Riozinho\">Riozinho<\/option>\n\t\t\t\t\t\t\t\t\t<option value=\"Primavera de Rond\u00f4nia\">Primavera de Rond\u00f4nia<\/option>\n\t\t\t\t\t\t\t\t\t<option value=\"Parecis\">Parecis<\/option>\n\t\t\t\t\t\t\t\t\t<option value=\"Nova Estrela\">Nova Estrela<\/option>\n\t\t\t\t\t\t\t\t\t<option value=\"Vilhena\">Vilhena<\/option>\n\t\t\t\t\t\t\t\t\t<option value=\"Chupinguaia\">Chupinguaia<\/option>\n\t\t\t\t\t\t\t\t\t<option value=\"Pontes e Lacerda\">Pontes e Lacerda<\/option>\n\t\t\t\t\t\t\t\t\t<option value=\"Nova Lacerda\">Nova Lacerda<\/option>\n\t\t\t\t\t\t\t\t\t<option value=\"Conquista D&#039;Oeste\">Conquista D&#039;Oeste<\/option>\n\t\t\t\t\t\t\t\t\t<option value=\"Comodoro\">Comodoro<\/option>\n\t\t\t\t\t\t\t\t\t<option value=\"Campos de J\u00falio\">Campos de J\u00falio<\/option>\n\t\t\t\t\t\t\t<\/select>\n\t\t<\/div>\n\t\t\t\t\t\t<\/div>\n\t\t\t\t\t\t\t\t<div class=\"elementor-field-type-step elementor-field-group elementor-column elementor-field-group-field_6c87360 elementor-col-100\">\n\t\t\t\t\t\t\t<div class=\"e-field-step elementor-hidden\" data-label=\"\" data-previousButton=\"\" data-nextButton=\"\" data-iconUrl=\"\" data-iconLibrary=\"fas fa-star\" data-icon=\"&lt;svg class=&quot;e-font-icon-svg e-fas-star&quot; viewBox=&quot;0 0 576 512&quot; xmlns=&quot;http:\/\/www.w3.org\/2000\/svg&quot;&gt;&lt;path d=&quot;M259.3 17.8L194 150.2 47.9 171.5c-26.2 3.8-36.7 36.1-17.7 54.6l105.7 103-25 145.5c-4.5 26.3 23.2 46 46.4 33.7L288 439.6l130.7 68.7c23.2 12.2 50.9-7.4 46.4-33.7l-25-145.5 105.7-103c19-18.5 8.5-50.8-17.7-54.6L382 150.2 316.7 17.8c-11.7-23.6-45.6-23.9-57.4 0z&quot;&gt;&lt;\/path&gt;&lt;\/svg&gt;\" ><\/div>\n\n\t\t\t\t\t\t<\/div>\n\t\t\t\t\t\t\t\t<div class=\"elementor-field-type-text elementor-field-group elementor-column elementor-field-group-field_31a35d9 elementor-col-50 elementor-field-required elementor-mark-required\">\n\t\t\t\t\t\t\t\t\t\t\t\t<label for=\"form-field-field_31a35d9\" class=\"elementor-field-label\">\n\t\t\t\t\t\t\t\tDIGITE SEU NOME\t\t\t\t\t\t\t<\/label>\n\t\t\t\t\t\t\t\t\t\t\t\t\t\t<input size=\"1\" type=\"text\" name=\"form_fields[field_31a35d9]\" id=\"form-field-field_31a35d9\" class=\"elementor-field elementor-size-md  elementor-field-textual\" placeholder=\"Seu nome\" required=\"required\">\n\t\t\t\t\t\t\t\t\t\t\t<\/div>\n\t\t\t\t\t\t\t\t<div class=\"elementor-field-type-text elementor-field-group elementor-column elementor-field-group-field_31a35d9 elementor-col-50 elementor-field-required elementor-mark-required\">\n\t\t\t\t\t\t\t\t\t\t\t\t<label for=\"form-field-field_31a35d9\" class=\"elementor-field-label\">\n\t\t\t\t\t\t\t\tTELEFONE\t\t\t\t\t\t\t<\/label>\n\t\t\t\t\t\t\t\t\t\t\t\t\t\t<input size=\"1\" type=\"text\" name=\"form_fields[field_31a35d9]\" id=\"form-field-field_31a35d9\" class=\"elementor-field elementor-size-md  elementor-field-textual\" placeholder=\"WhatsApp\" required=\"required\">\n\t\t\t\t\t\t\t\t\t\t\t<\/div>\n\t\t\t\t\t\t\t\t<div class=\"elementor-field-type-step elementor-field-group elementor-column elementor-field-group-field_6c87360 elementor-col-100\">\n\t\t\t\t\t\t\t<div class=\"e-field-step elementor-hidden\" data-label=\"\" data-previousButton=\"\" data-nextButton=\"\" data-iconUrl=\"\" data-iconLibrary=\"fas fa-star\" data-icon=\"&lt;svg class=&quot;e-font-icon-svg e-fas-star&quot; viewBox=&quot;0 0 576 512&quot; xmlns=&quot;http:\/\/www.w3.org\/2000\/svg&quot;&gt;&lt;path d=&quot;M259.3 17.8L194 150.2 47.9 171.5c-26.2 3.8-36.7 36.1-17.7 54.6l105.7 103-25 145.5c-4.5 26.3 23.2 46 46.4 33.7L288 439.6l130.7 68.7c23.2 12.2 50.9-7.4 46.4-33.7l-25-145.5 105.7-103c19-18.5 8.5-50.8-17.7-54.6L382 150.2 316.7 17.8c-11.7-23.6-45.6-23.9-57.4 0z&quot;&gt;&lt;\/path&gt;&lt;\/svg&gt;\" ><\/div>\n\n\t\t\t\t\t\t<\/div>\n\t\t\t\t\t\t\t\t<div class=\"elementor-field-type-text elementor-field-group elementor-column elementor-field-group-field_dc270e8 elementor-col-60 elementor-field-required elementor-mark-required\">\n\t\t\t\t\t\t\t\t\t\t\t\t<label for=\"form-field-field_dc270e8\" class=\"elementor-field-label\">\n\t\t\t\t\t\t\t\tBAIRRO\t\t\t\t\t\t\t<\/label>\n\t\t\t\t\t\t\t\t\t\t\t\t\t\t<input size=\"1\" type=\"text\" name=\"form_fields[field_dc270e8]\" id=\"form-field-field_dc270e8\" class=\"elementor-field elementor-size-md  elementor-field-textual\" placeholder=\"Bairro\" required=\"required\">\n\t\t\t\t\t\t\t\t\t\t\t<\/div>\n\t\t\t\t\t\t\t\t<div class=\"elementor-field-type-step elementor-field-group elementor-column elementor-field-group-field_6c87360 elementor-col-100\">\n\t\t\t\t\t\t\t<div class=\"e-field-step elementor-hidden\" data-label=\"\" data-previousButton=\"\" data-nextButton=\"\" data-iconUrl=\"\" data-iconLibrary=\"fas fa-star\" data-icon=\"&lt;svg class=&quot;e-font-icon-svg e-fas-star&quot; viewBox=&quot;0 0 576 512&quot; xmlns=&quot;http:\/\/www.w3.org\/2000\/svg&quot;&gt;&lt;path d=&quot;M259.3 17.8L194 150.2 47.9 171.5c-26.2 3.8-36.7 36.1-17.7 54.6l105.7 103-25 145.5c-4.5 26.3 23.2 46 46.4 33.7L288 439.6l130.7 68.7c23.2 12.2 50.9-7.4 46.4-33.7l-25-145.5 105.7-103c19-18.5 8.5-50.8-17.7-54.6L382 150.2 316.7 17.8c-11.7-23.6-45.6-23.9-57.4 0z&quot;&gt;&lt;\/path&gt;&lt;\/svg&gt;\" ><\/div>\n\n\t\t\t\t\t\t<\/div>\n\t\t\t\t\t\t\t\t<div class=\"elementor-field-type-text elementor-field-group elementor-column elementor-field-group-field_ab7a2b1 elementor-col-100 elementor-field-required elementor-mark-required\">\n\t\t\t\t\t\t\t\t\t\t\t\t<label for=\"form-field-field_ab7a2b1\" class=\"elementor-field-label\">\n\t\t\t\t\t\t\t\tMELHOR HOR\u00c1RIO PARA LIGA\u00c7\u00d5ES\t\t\t\t\t\t\t<\/label>\n\t\t\t\t\t\t\t\t\t\t\t\t\t\t<input size=\"1\" type=\"text\" name=\"form_fields[field_ab7a2b1]\" id=\"form-field-field_ab7a2b1\" class=\"elementor-field elementor-size-md  elementor-field-textual\" placeholder=\"Informe o melhor hor\u00e1rio para receber liga\u00e7\u00f5es\" required=\"required\">\n\t\t\t\t\t\t\t\t\t\t\t<\/div>\n\t\t\t\t\t\t\t\t<div class=\"elementor-field-type-textarea elementor-field-group elementor-column elementor-field-group-field_020b64e elementor-col-100 elementor-field-required elementor-mark-required\">\n\t\t\t\t\t\t\t\t\t\t\t\t<label for=\"form-field-field_020b64e\" class=\"elementor-field-label\">\n\t\t\t\t\t\t\t\tTem alguma observa\u00e7\u00e3o sobre o local?\t\t\t\t\t\t\t<\/label>\n\t\t\t\t\t\t<textarea class=\"elementor-field-textual elementor-field  elementor-size-md\" name=\"form_fields[field_020b64e]\" id=\"form-field-field_020b64e\" rows=\"3\" placeholder=\"Tem alguma mensagem?\" required=\"required\"><\/textarea>\t\t\t\t<\/div>\n\t\t\t\t\t\t\t\t<div class=\"elementor-field-type-recaptcha_v3 elementor-field-group elementor-column elementor-field-group-field_6733efb elementor-col-100 recaptcha_v3-inline\">\n\t\t\t\t\t<div class=\"elementor-field\" id=\"form-field-field_6733efb\"><div class=\"elementor-g-recaptcha\" data-sitekey=\"6LcL1RcqAAAAAD_o6oHW0xSD4syRBi4_ByOJbW7-\" data-type=\"v3\" data-action=\"Form\" data-badge=\"inline\" data-size=\"invisible\"><\/div><\/div>\t\t\t\t<\/div>\n\t\t\t\t\t\t\t\t<div class=\"elementor-field-group elementor-column elementor-field-type-submit elementor-col-100 e-form__buttons\">\n\t\t\t\t\t<button class=\"elementor-button elementor-size-md\" type=\"submit\">\n\t\t\t\t\t\t<span class=\"elementor-button-content-wrapper\">\n\t\t\t\t\t\t\t\t\t\t\t\t\t\t\t<span class=\"elementor-button-icon\">\n\t\t\t\t\t\t\t\t\t<i aria-hidden=\"true\" class=\"lnr lnr-arrow-right\"><\/i>\t\t\t\t\t\t\t\t\t\t\t\t\t\t\t\t\t<\/span>\n\t\t\t\t\t\t\t\t\t\t\t\t\t\t\t\t\t\t\t\t\t\t<span class=\"elementor-button-text\">ENVIAR SOLICITA\u00c7\u00c3O<\/span>\n\t\t\t\t\t\t\t\t\t\t\t\t\t<\/span>\n\t\t\t\t\t<\/button>\n\t\t\t\t<\/div>\n\t\t\t<\/div>\n\t\t<\/form>\n\t\t\t\t\t\t<\/div>\n\t\t\t\t<\/div>\n\t\t\t\t\t<\/div>\n\t\t\t\t<\/div>\n\t\t\t\t\t<\/div>\n\t\t\t\t<\/div>\n\t\t\t\t\t<\/div>\n\t\t\t\t<\/div>\n\t\t\t\t<\/div>\n\t\t","protected":false},"excerpt":{"rendered":"<p>Oferecemos mais que uma internet. Conectamos voc\u00ea a uma experi\u00eancia \u00fanica. ASSINE J\u00c1<\/p>\n","protected":false},"author":1,"featured_media":70,"parent":0,"menu_order":0,"comment_status":"closed","ping_status":"closed","template":"elementor_canvas","meta":{"_joinchat":[],"footnotes":""},"class_list":["post-1068","page","type-page","status-publish","has-post-thumbnail","hentry"],"yoast_head":"<!-- This site is optimized with the Yoast SEO plugin v26.9 - https:\/\/yoast.com\/product\/yoast-seo-wordpress\/ -->\n<title>Assine J\u00e1 - Netway<\/title>\n<meta name=\"description\" content=\"Internet 100% fibra com um combo de benef\u00edcios e vantagens. Conhe\u00e7a a internet que joga junto com voc\u00ea. Acesse e conhe\u00e7a nossos planos!\" \/>\n<meta name=\"robots\" content=\"noindex, follow, max-snippet:-1, max-image-preview:large, max-video-preview:-1\" \/>\n<meta property=\"og:locale\" content=\"pt_BR\" \/>\n<meta property=\"og:type\" content=\"article\" \/>\n<meta property=\"og:title\" content=\"Assine J\u00e1 - Netway\" \/>\n<meta property=\"og:description\" content=\"Internet 100% fibra com um combo de benef\u00edcios e vantagens. Conhe\u00e7a a internet que joga junto com voc\u00ea. Acesse e conhe\u00e7a nossos planos!\" \/>\n<meta property=\"og:url\" content=\"https:\/\/netwayro.com.br\/home2\/assine-ja\/\" \/>\n<meta property=\"og:site_name\" content=\"Netway\" \/>\n<meta property=\"article:modified_time\" content=\"2026-02-04T15:10:13+00:00\" \/>\n<meta property=\"og:image\" content=\"https:\/\/netwayro.com.br\/home2\/wp-content\/uploads\/2024\/04\/IMGDESTACADA-1.png\" \/>\n\t<meta property=\"og:image:width\" content=\"500\" \/>\n\t<meta property=\"og:image:height\" content=\"500\" \/>\n\t<meta property=\"og:image:type\" content=\"image\/png\" \/>\n<meta name=\"twitter:card\" content=\"summary_large_image\" \/>\n<meta name=\"twitter:label1\" content=\"Est. tempo de leitura\" \/>\n\t<meta name=\"twitter:data1\" content=\"1 minuto\" \/>\n<script type=\"application\/ld+json\" class=\"yoast-schema-graph\">{\"@context\":\"https:\/\/schema.org\",\"@graph\":[{\"@type\":\"WebPage\",\"@id\":\"https:\/\/netwayro.com.br\/home2\/assine-ja\/\",\"url\":\"https:\/\/netwayro.com.br\/home2\/assine-ja\/\",\"name\":\"Assine J\u00e1 - Netway\",\"isPartOf\":{\"@id\":\"https:\/\/netwayro.com.br\/home2\/#website\"},\"primaryImageOfPage\":{\"@id\":\"https:\/\/netwayro.com.br\/home2\/assine-ja\/#primaryimage\"},\"image\":{\"@id\":\"https:\/\/netwayro.com.br\/home2\/assine-ja\/#primaryimage\"},\"thumbnailUrl\":\"https:\/\/netwayro.com.br\/home2\/wp-content\/uploads\/2024\/04\/IMGDESTACADA-1.png\",\"datePublished\":\"2024-04-19T19:46:41+00:00\",\"dateModified\":\"2026-02-04T15:10:13+00:00\",\"description\":\"Internet 100% fibra com um combo de benef\u00edcios e vantagens. Conhe\u00e7a a internet que joga junto com voc\u00ea. Acesse e conhe\u00e7a nossos planos!\",\"breadcrumb\":{\"@id\":\"https:\/\/netwayro.com.br\/home2\/assine-ja\/#breadcrumb\"},\"inLanguage\":\"pt-BR\",\"potentialAction\":[{\"@type\":\"ReadAction\",\"target\":[\"https:\/\/netwayro.com.br\/home2\/assine-ja\/\"]}]},{\"@type\":\"ImageObject\",\"inLanguage\":\"pt-BR\",\"@id\":\"https:\/\/netwayro.com.br\/home2\/assine-ja\/#primaryimage\",\"url\":\"https:\/\/netwayro.com.br\/home2\/wp-content\/uploads\/2024\/04\/IMGDESTACADA-1.png\",\"contentUrl\":\"https:\/\/netwayro.com.br\/home2\/wp-content\/uploads\/2024\/04\/IMGDESTACADA-1.png\",\"width\":500,\"height\":500},{\"@type\":\"BreadcrumbList\",\"@id\":\"https:\/\/netwayro.com.br\/home2\/assine-ja\/#breadcrumb\",\"itemListElement\":[{\"@type\":\"ListItem\",\"position\":1,\"name\":\"In\u00edcio\",\"item\":\"https:\/\/netwayro.com.br\/home2\/\"},{\"@type\":\"ListItem\",\"position\":2,\"name\":\"Assine J\u00e1\"}]},{\"@type\":\"WebSite\",\"@id\":\"https:\/\/netwayro.com.br\/home2\/#website\",\"url\":\"https:\/\/netwayro.com.br\/home2\/\",\"name\":\"Netway\",\"description\":\"Tudo conectado!\",\"potentialAction\":[{\"@type\":\"SearchAction\",\"target\":{\"@type\":\"EntryPoint\",\"urlTemplate\":\"https:\/\/netwayro.com.br\/home2\/?s={search_term_string}\"},\"query-input\":{\"@type\":\"PropertyValueSpecification\",\"valueRequired\":true,\"valueName\":\"search_term_string\"}}],\"inLanguage\":\"pt-BR\"}]}<\/script>\n<!-- \/ Yoast SEO plugin. -->","yoast_head_json":{"title":"Assine J\u00e1 - Netway","description":"Internet 100% fibra com um combo de benef\u00edcios e vantagens. Conhe\u00e7a a internet que joga junto com voc\u00ea. Acesse e conhe\u00e7a nossos planos!","robots":{"index":"noindex","follow":"follow","max-snippet":"max-snippet:-1","max-image-preview":"max-image-preview:large","max-video-preview":"max-video-preview:-1"},"og_locale":"pt_BR","og_type":"article","og_title":"Assine J\u00e1 - Netway","og_description":"Internet 100% fibra com um combo de benef\u00edcios e vantagens. Conhe\u00e7a a internet que joga junto com voc\u00ea. Acesse e conhe\u00e7a nossos planos!","og_url":"https:\/\/netwayro.com.br\/home2\/assine-ja\/","og_site_name":"Netway","article_modified_time":"2026-02-04T15:10:13+00:00","og_image":[{"width":500,"height":500,"url":"https:\/\/netwayro.com.br\/home2\/wp-content\/uploads\/2024\/04\/IMGDESTACADA-1.png","type":"image\/png"}],"twitter_card":"summary_large_image","twitter_misc":{"Est. tempo de leitura":"1 minuto"},"schema":{"@context":"https:\/\/schema.org","@graph":[{"@type":"WebPage","@id":"https:\/\/netwayro.com.br\/home2\/assine-ja\/","url":"https:\/\/netwayro.com.br\/home2\/assine-ja\/","name":"Assine J\u00e1 - Netway","isPartOf":{"@id":"https:\/\/netwayro.com.br\/home2\/#website"},"primaryImageOfPage":{"@id":"https:\/\/netwayro.com.br\/home2\/assine-ja\/#primaryimage"},"image":{"@id":"https:\/\/netwayro.com.br\/home2\/assine-ja\/#primaryimage"},"thumbnailUrl":"https:\/\/netwayro.com.br\/home2\/wp-content\/uploads\/2024\/04\/IMGDESTACADA-1.png","datePublished":"2024-04-19T19:46:41+00:00","dateModified":"2026-02-04T15:10:13+00:00","description":"Internet 100% fibra com um combo de benef\u00edcios e vantagens. Conhe\u00e7a a internet que joga junto com voc\u00ea. Acesse e conhe\u00e7a nossos planos!","breadcrumb":{"@id":"https:\/\/netwayro.com.br\/home2\/assine-ja\/#breadcrumb"},"inLanguage":"pt-BR","potentialAction":[{"@type":"ReadAction","target":["https:\/\/netwayro.com.br\/home2\/assine-ja\/"]}]},{"@type":"ImageObject","inLanguage":"pt-BR","@id":"https:\/\/netwayro.com.br\/home2\/assine-ja\/#primaryimage","url":"https:\/\/netwayro.com.br\/home2\/wp-content\/uploads\/2024\/04\/IMGDESTACADA-1.png","contentUrl":"https:\/\/netwayro.com.br\/home2\/wp-content\/uploads\/2024\/04\/IMGDESTACADA-1.png","width":500,"height":500},{"@type":"BreadcrumbList","@id":"https:\/\/netwayro.com.br\/home2\/assine-ja\/#breadcrumb","itemListElement":[{"@type":"ListItem","position":1,"name":"In\u00edcio","item":"https:\/\/netwayro.com.br\/home2\/"},{"@type":"ListItem","position":2,"name":"Assine J\u00e1"}]},{"@type":"WebSite","@id":"https:\/\/netwayro.com.br\/home2\/#website","url":"https:\/\/netwayro.com.br\/home2\/","name":"Netway","description":"Tudo conectado!","potentialAction":[{"@type":"SearchAction","target":{"@type":"EntryPoint","urlTemplate":"https:\/\/netwayro.com.br\/home2\/?s={search_term_string}"},"query-input":{"@type":"PropertyValueSpecification","valueRequired":true,"valueName":"search_term_string"}}],"inLanguage":"pt-BR"}]}},"_links":{"self":[{"href":"https:\/\/netwayro.com.br\/home2\/wp-json\/wp\/v2\/pages\/1068","targetHints":{"allow":["GET"]}}],"collection":[{"href":"https:\/\/netwayro.com.br\/home2\/wp-json\/wp\/v2\/pages"}],"about":[{"href":"https:\/\/netwayro.com.br\/home2\/wp-json\/wp\/v2\/types\/page"}],"author":[{"embeddable":true,"href":"https:\/\/netwayro.com.br\/home2\/wp-json\/wp\/v2\/users\/1"}],"replies":[{"embeddable":true,"href":"https:\/\/netwayro.com.br\/home2\/wp-json\/wp\/v2\/comments?post=1068"}],"version-history":[{"count":28,"href":"https:\/\/netwayro.com.br\/home2\/wp-json\/wp\/v2\/pages\/1068\/revisions"}],"predecessor-version":[{"id":1695,"href":"https:\/\/netwayro.com.br\/home2\/wp-json\/wp\/v2\/pages\/1068\/revisions\/1695"}],"wp:featuredmedia":[{"embeddable":true,"href":"https:\/\/netwayro.com.br\/home2\/wp-json\/wp\/v2\/media\/70"}],"wp:attachment":[{"href":"https:\/\/netwayro.com.br\/home2\/wp-json\/wp\/v2\/media?parent=1068"}],"curies":[{"name":"wp","href":"https:\/\/api.w.org\/{rel}","templated":true}]}}